{"id":35,"date":"2025-10-12T09:56:00","date_gmt":"2025-10-12T09:56:00","guid":{"rendered":"https:\/\/mariongadras.fr\/?page_id=35"},"modified":"2025-10-12T14:37:47","modified_gmt":"2025-10-12T14:37:47","slug":"marion-gadras","status":"publish","type":"page","link":"http:\/\/mariongadras.fr\/","title":{"rendered":"Marion Gadras"},"content":{"rendered":"\n<h1 class=\"wp-block-heading has-text-align-center\"><strong>Coach parentale \u2013 Formatrice<\/strong><\/h1>\n\n\n\n<p class=\"has-text-align-center\">T\u00e9l\u00e9phone : <span class=\"yw-protect-info\" data-type=\"phone\" data-obfuscated=\"true\" data-encoded=\"MDcgNjggNzggOTIgNDI=\" style=\"color:#000000;\"><span class=\"yw-blurred-info\" style=\"filter: blur(3px); cursor: pointer;\" title=\"Hover to reveal\">**************<\/span><\/span> &#8211; Mail : <span class=\"yw-protect-info\" data-type=\"email\" data-obfuscated=\"true\" data-encoded=\"bWFyaW9uZ2FkcmFzQG91dGxvb2suY29t\" style=\"color:#000000;\"><span class=\"yw-blurred-info\" style=\"filter: blur(3px); cursor: pointer;\" title=\"Hover to reveal\">************************<\/span><\/span><\/p>\n\n\n\n<div class=\"wp-block-columns is-layout-flex wp-container-core-columns-is-layout-28f84493 wp-block-columns-is-layout-flex\">\n<div class=\"wp-block-column is-layout-flow wp-block-column-is-layout-flow\" style=\"flex-basis:100%\">\n<p class=\"has-text-align-center\"><em>(cliquer pour afficher)<\/em><\/p>\n<\/div>\n<\/div>\n\n\n\n<p class=\"has-text-align-center\"><strong>Tu peux r\u00e9server directement ton appel d\u00e9couverte en ligne :&nbsp;<a href=\"https:\/\/calendly.com\/mariongadras\" target=\"_blank\" rel=\"noreferrer noopener\">https:\/\/calendly.com\/mariongadras<\/a><\/strong><\/p>\n\n\n\n<figure class=\"wp-block-image aligncenter is-resized\"><a href=\"https:\/\/instagram.com\/mariongadras.parentalite\"><img loading=\"lazy\" decoding=\"async\" width=\"500\" height=\"500\" src=\"https:\/\/mariongadras.fr\/wp-content\/uploads\/2025\/10\/langfr-500px-Instagram_logo_2022.svg_.png\" alt=\"\" class=\"wp-image-30\" style=\"width:41px;height:auto\" srcset=\"http:\/\/mariongadras.fr\/wp-content\/uploads\/2025\/10\/langfr-500px-Instagram_logo_2022.svg_.png 500w, http:\/\/mariongadras.fr\/wp-content\/uploads\/2025\/10\/langfr-500px-Instagram_logo_2022.svg_-300x300.png 300w, http:\/\/mariongadras.fr\/wp-content\/uploads\/2025\/10\/langfr-500px-Instagram_logo_2022.svg_-150x150.png 150w, http:\/\/mariongadras.fr\/wp-content\/uploads\/2025\/10\/langfr-500px-Instagram_logo_2022.svg_-468x468.png 468w\" sizes=\"auto, (max-width: 500px) 100vw, 500px\" \/><\/a><\/figure>\n\n\n\n<figure class=\"wp-block-image aligncenter is-resized\"><a href=\"http:\/\/www.facebook.com\/mariongadraspro\"><img loading=\"lazy\" decoding=\"async\" width=\"153\" height=\"152\" src=\"https:\/\/mariongadras.fr\/wp-content\/uploads\/2025\/10\/logo_fb.png\" alt=\"\" class=\"wp-image-31\" style=\"width:42px;height:auto\" srcset=\"http:\/\/mariongadras.fr\/wp-content\/uploads\/2025\/10\/logo_fb.png 153w, http:\/\/mariongadras.fr\/wp-content\/uploads\/2025\/10\/logo_fb-150x150.png 150w\" sizes=\"auto, (max-width: 153px) 100vw, 153px\" \/><\/a><\/figure>\n\n\n\n<p><\/p>\n","protected":false},"excerpt":{"rendered":"<p>Coach parentale \u2013 Formatrice T\u00e9l\u00e9phone : &#8211; Mail : (cliquer pour afficher) Tu peux r\u00e9server directement ton appel d\u00e9couverte en ligne :&nbsp;https:\/\/calendly.com\/mariongadras<\/p>\n","protected":false},"author":3,"featured_media":0,"parent":0,"menu_order":0,"comment_status":"closed","ping_status":"closed","template":"","meta":{"footnotes":"[]"},"class_list":["post-35","page","type-page","status-publish","hentry"],"jetpack_sharing_enabled":true,"_links":{"self":[{"href":"http:\/\/mariongadras.fr\/index.php?rest_route=\/wp\/v2\/pages\/35","targetHints":{"allow":["GET"]}}],"collection":[{"href":"http:\/\/mariongadras.fr\/index.php?rest_route=\/wp\/v2\/pages"}],"about":[{"href":"http:\/\/mariongadras.fr\/index.php?rest_route=\/wp\/v2\/types\/page"}],"author":[{"embeddable":true,"href":"http:\/\/mariongadras.fr\/index.php?rest_route=\/wp\/v2\/users\/3"}],"replies":[{"embeddable":true,"href":"http:\/\/mariongadras.fr\/index.php?rest_route=%2Fwp%2Fv2%2Fcomments&post=35"}],"version-history":[{"count":11,"href":"http:\/\/mariongadras.fr\/index.php?rest_route=\/wp\/v2\/pages\/35\/revisions"}],"predecessor-version":[{"id":60,"href":"http:\/\/mariongadras.fr\/index.php?rest_route=\/wp\/v2\/pages\/35\/revisions\/60"}],"wp:attachment":[{"href":"http:\/\/mariongadras.fr\/index.php?rest_route=%2Fwp%2Fv2%2Fmedia&parent=35"}],"curies":[{"name":"wp","href":"https:\/\/api.w.org\/{rel}","templated":true}]}}